{"id":3584,"date":"2024-11-19T20:57:25","date_gmt":"2024-11-19T17:57:25","guid":{"rendered":"https:\/\/pozitronyazilim.com.tr\/?page_id=3584"},"modified":"2024-11-19T21:05:02","modified_gmt":"2024-11-19T18:05:02","slug":"goruntu-isleme","status":"publish","type":"page","link":"https:\/\/pozitronyazilim.com.tr\/index.php\/goruntu-isleme\/","title":{"rendered":"G\u00f6r\u00fcnt\u00fc \u0130\u015fleme"},"content":{"rendered":"\t\t<div data-elementor-type=\"wp-page\" data-elementor-id=\"3584\" class=\"elementor elementor-3584\">\n\t\t\t\t<div class=\"elementor-element elementor-element-0ff5e50 e-flex e-con-boxed e-con e-parent\" data-id=\"0ff5e50\" data-element_type=\"container\" data-settings=\"{&quot;tc_container_hover_selector&quot;:&quot;container&quot;,&quot;tc_container_background_parallax&quot;:&quot;no&quot;,&quot;tcg_advanced_hover&quot;:&quot;no&quot;,&quot;tc_dark_mode_responsive_hide_in_dark&quot;:&quot;no&quot;,&quot;tc_dark_mode_responsive_hide_in_light&quot;:&quot;no&quot;}\">\n\t\t\t\t\t<div class=\"e-con-inner\">\n\t\t<div class=\"elementor-element elementor-element-7bf7910 e-con-full e-flex e-con e-child\" data-id=\"7bf7910\" data-element_type=\"container\" data-settings=\"{&quot;tc_container_hover_selector&quot;:&quot;container&quot;,&quot;tc_container_background_parallax&quot;:&quot;no&quot;,&quot;tcg_advanced_hover&quot;:&quot;no&quot;,&quot;tc_dark_mode_responsive_hide_in_dark&quot;:&quot;no&quot;,&quot;tc_dark_mode_responsive_hide_in_light&quot;:&quot;no&quot;}\">\n\t\t\t\t<div class=\"elementor-element elementor-element-abf3ab5 elementor-widget elementor-widget-image\" data-id=\"abf3ab5\" data-element_type=\"widget\" data-settings=\"{&quot;tc_dark_mode_responsive_hide_in_dark&quot;:&quot;no&quot;,&quot;tc_dark_mode_responsive_hide_in_light&quot;:&quot;no&quot;}\" data-widget_type=\"image.default\">\n\t\t\t\t<div class=\"elementor-widget-container\">\n\t\t\t\t\t\t\t\t\t\t\t\t\t<img fetchpriority=\"high\" decoding=\"async\" width=\"667\" height=\"1000\" src=\"https:\/\/pozitronyazilim.com.tr\/wp-content\/uploads\/2024\/11\/2150979625.jpg\" class=\"attachment-full size-full wp-image-3605\" alt=\"\" \/>\t\t\t\t\t\t\t\t\t\t\t\t\t<\/div>\n\t\t\t\t<\/div>\n\t\t\t\t<\/div>\n\t\t<div class=\"elementor-element elementor-element-41b5dc6 e-con-full e-flex e-con e-child\" data-id=\"41b5dc6\" data-element_type=\"container\" data-settings=\"{&quot;tc_container_hover_selector&quot;:&quot;container&quot;,&quot;tc_container_background_parallax&quot;:&quot;no&quot;,&quot;tcg_advanced_hover&quot;:&quot;no&quot;,&quot;tc_dark_mode_responsive_hide_in_dark&quot;:&quot;no&quot;,&quot;tc_dark_mode_responsive_hide_in_light&quot;:&quot;no&quot;}\">\n\t\t\t\t<div class=\"elementor-element elementor-element-498de04 elementor-widget elementor-widget-text-editor\" data-id=\"498de04\" data-element_type=\"widget\" data-settings=\"{&quot;tc_dark_mode_responsive_hide_in_dark&quot;:&quot;no&quot;,&quot;tc_dark_mode_responsive_hide_in_light&quot;:&quot;no&quot;}\" data-widget_type=\"text-editor.default\">\n\t\t\t\t<div class=\"elementor-widget-container\">\n\t\t\t\t\t\t\t<p>G\u00f6r\u00fcnt\u00fc i\u015fleme teknolojileri, dijital verilerin analizi ve anlamland\u0131r\u0131lmas\u0131 i\u00e7in kritik bir rol oynar. Nesne tan\u0131ma, y\u00fcz alg\u0131lama, kalite kontrol ve veri s\u0131n\u0131fland\u0131rma gibi bir\u00e7ok farkl\u0131 alanda geli\u015fmi\u015f g\u00f6r\u00fcnt\u00fc i\u015fleme yaz\u0131l\u0131mlar\u0131 geli\u015ftiriyoruz. \u0130\u015fletmelerin ihtiya\u00e7lar\u0131na g\u00f6re \u00f6zelle\u015ftirilmi\u015f algoritmalar kullanarak, g\u00f6r\u00fcnt\u00fc verilerini anlaml\u0131 ve de\u011ferli hale getiriyoruz.<\/p><p>Sekt\u00f6re \u00f6zel \u00e7\u00f6z\u00fcmlerimiz, end\u00fcstriyel otomasyon, sa\u011fl\u0131k, g\u00fcvenlik ve perakende gibi farkl\u0131 alanlarda uygulanabilir. G\u00f6r\u00fcnt\u00fc i\u015fleme yaz\u0131l\u0131mlar\u0131m\u0131z, y\u00fcksek do\u011fruluk oranlar\u0131 ve h\u0131zl\u0131 i\u015flem kapasitesi ile veri analizi s\u00fcre\u00e7lerinizi h\u0131zland\u0131r\u0131r. Bu \u00e7\u00f6z\u00fcmler, i\u015fletmenizin s\u00fcre\u00e7lerini optimize ederken ayn\u0131 zamanda karar alma mekanizmalar\u0131n\u0131z\u0131 g\u00fc\u00e7lendirir.<\/p><p>G\u00f6r\u00fcnt\u00fc i\u015fleme projelerinde, en son teknolojik geli\u015fmeleri yak\u0131ndan takip ederek m\u00fc\u015fterilerimize en iyi hizmeti sunmay\u0131 hedefliyoruz. G\u00f6r\u00fcnt\u00fc i\u015fleme teknolojisiyle i\u015fletmenizin rekabet avantaj\u0131n\u0131 art\u0131rmak ve dijital d\u00f6n\u00fc\u015f\u00fcm yolculu\u011funda bir ad\u0131m \u00f6ne ge\u00e7mek i\u00e7in bize g\u00fcvenebilirsiniz.<\/p>\t\t\t\t\t\t<\/div>\n\t\t\t\t<\/div>\n\t\t\t\t<\/div>\n\t\t\t\t\t<\/div>\n\t\t\t\t<\/div>\n\t\t\t\t<\/div>\n\t\t","protected":false},"excerpt":{"rendered":"<p>G\u00f6r\u00fcnt\u00fc i\u015fleme teknolojileri, dijital verilerin analizi ve anlamland\u0131r\u0131lmas\u0131 i\u00e7in kritik bir rol oynar. Nesne tan\u0131ma, y\u00fcz alg\u0131lama, kalite kontrol ve veri s\u0131n\u0131fland\u0131rma gibi bir\u00e7ok farkl\u0131 alanda geli\u015fmi\u015f g\u00f6r\u00fcnt\u00fc i\u015fleme yaz\u0131l\u0131mlar\u0131 geli\u015ftiriyoruz. \u0130\u015fletmelerin ihtiya\u00e7lar\u0131na g\u00f6re \u00f6zelle\u015ftirilmi\u015f algoritmalar kullanarak, g\u00f6r\u00fcnt\u00fc verilerini anlaml\u0131 ve de\u011ferli hale getiriyoruz. Sekt\u00f6re \u00f6zel \u00e7\u00f6z\u00fcmlerimiz, end\u00fcstriyel otomasyon, sa\u011fl\u0131k, g\u00fcvenlik ve perakende gibi farkl\u0131 alanlarda uygulanabilir. G\u00f6r\u00fcnt\u00fc i\u015fleme yaz\u0131l\u0131mlar\u0131m\u0131z, &hellip;<\/p>\n","protected":false},"author":1,"featured_media":0,"parent":0,"menu_order":0,"comment_status":"closed","ping_status":"closed","template":"","meta":{"footnotes":""},"class_list":["post-3584","page","type-page","status-publish","hentry"],"_links":{"self":[{"href":"https:\/\/pozitronyazilim.com.tr\/index.php\/wp-json\/wp\/v2\/pages\/3584","targetHints":{"allow":["GET"]}}],"collection":[{"href":"https:\/\/pozitronyazilim.com.tr\/index.php\/wp-json\/wp\/v2\/pages"}],"about":[{"href":"https:\/\/pozitronyazilim.com.tr\/index.php\/wp-json\/wp\/v2\/types\/page"}],"author":[{"embeddable":true,"href":"https:\/\/pozitronyazilim.com.tr\/index.php\/wp-json\/wp\/v2\/users\/1"}],"replies":[{"embeddable":true,"href":"https:\/\/pozitronyazilim.com.tr\/index.php\/wp-json\/wp\/v2\/comments?post=3584"}],"version-history":[{"count":4,"href":"https:\/\/pozitronyazilim.com.tr\/index.php\/wp-json\/wp\/v2\/pages\/3584\/revisions"}],"predecessor-version":[{"id":3608,"href":"https:\/\/pozitronyazilim.com.tr\/index.php\/wp-json\/wp\/v2\/pages\/3584\/revisions\/3608"}],"wp:attachment":[{"href":"https:\/\/pozitronyazilim.com.tr\/index.php\/wp-json\/wp\/v2\/media?parent=3584"}],"curies":[{"name":"wp","href":"https:\/\/api.w.org\/{rel}","templated":true}]}}