{"id":3583,"date":"2024-11-19T20:57:17","date_gmt":"2024-11-19T17:57:17","guid":{"rendered":"https:\/\/pozitronyazilim.com.tr\/?page_id=3583"},"modified":"2024-11-19T21:04:01","modified_gmt":"2024-11-19T18:04:01","slug":"kripto-yazilimlari","status":"publish","type":"page","link":"https:\/\/pozitronyazilim.com.tr\/index.php\/kripto-yazilimlari\/","title":{"rendered":"Kripto &#8211; Yaz\u0131l\u0131mlar\u0131"},"content":{"rendered":"\t\t<div data-elementor-type=\"wp-page\" data-elementor-id=\"3583\" class=\"elementor elementor-3583\">\n\t\t\t\t<div class=\"elementor-element elementor-element-0ff5e50 e-flex e-con-boxed e-con e-parent\" data-id=\"0ff5e50\" data-element_type=\"container\" data-settings=\"{&quot;tc_container_hover_selector&quot;:&quot;container&quot;,&quot;tc_container_background_parallax&quot;:&quot;no&quot;,&quot;tcg_advanced_hover&quot;:&quot;no&quot;,&quot;tc_dark_mode_responsive_hide_in_dark&quot;:&quot;no&quot;,&quot;tc_dark_mode_responsive_hide_in_light&quot;:&quot;no&quot;}\">\n\t\t\t\t\t<div class=\"e-con-inner\">\n\t\t<div class=\"elementor-element elementor-element-7bf7910 e-con-full e-flex e-con e-child\" data-id=\"7bf7910\" data-element_type=\"container\" data-settings=\"{&quot;tc_container_hover_selector&quot;:&quot;container&quot;,&quot;tc_container_background_parallax&quot;:&quot;no&quot;,&quot;tcg_advanced_hover&quot;:&quot;no&quot;,&quot;tc_dark_mode_responsive_hide_in_dark&quot;:&quot;no&quot;,&quot;tc_dark_mode_responsive_hide_in_light&quot;:&quot;no&quot;}\">\n\t\t\t\t<div class=\"elementor-element elementor-element-abf3ab5 elementor-widget elementor-widget-image\" data-id=\"abf3ab5\" data-element_type=\"widget\" data-settings=\"{&quot;tc_dark_mode_responsive_hide_in_dark&quot;:&quot;no&quot;,&quot;tc_dark_mode_responsive_hide_in_light&quot;:&quot;no&quot;}\" data-widget_type=\"image.default\">\n\t\t\t\t<div class=\"elementor-widget-container\">\n\t\t\t\t\t\t\t\t\t\t\t\t\t<img fetchpriority=\"high\" decoding=\"async\" width=\"667\" height=\"1000\" src=\"https:\/\/pozitronyazilim.com.tr\/wp-content\/uploads\/2024\/11\/61875.jpg\" class=\"attachment-full size-full wp-image-3601\" alt=\"\" \/>\t\t\t\t\t\t\t\t\t\t\t\t\t<\/div>\n\t\t\t\t<\/div>\n\t\t\t\t<\/div>\n\t\t<div class=\"elementor-element elementor-element-41b5dc6 e-con-full e-flex e-con e-child\" data-id=\"41b5dc6\" data-element_type=\"container\" data-settings=\"{&quot;tc_container_hover_selector&quot;:&quot;container&quot;,&quot;tc_container_background_parallax&quot;:&quot;no&quot;,&quot;tcg_advanced_hover&quot;:&quot;no&quot;,&quot;tc_dark_mode_responsive_hide_in_dark&quot;:&quot;no&quot;,&quot;tc_dark_mode_responsive_hide_in_light&quot;:&quot;no&quot;}\">\n\t\t\t\t<div class=\"elementor-element elementor-element-498de04 elementor-widget elementor-widget-text-editor\" data-id=\"498de04\" data-element_type=\"widget\" data-settings=\"{&quot;tc_dark_mode_responsive_hide_in_dark&quot;:&quot;no&quot;,&quot;tc_dark_mode_responsive_hide_in_light&quot;:&quot;no&quot;}\" data-widget_type=\"text-editor.default\">\n\t\t\t\t<div class=\"elementor-widget-container\">\n\t\t\t\t\t\t\t<p>Kripto para ve blockchain teknolojisi, g\u00fcn\u00fcm\u00fcz\u00fcn en yenilik\u00e7i finansal ara\u00e7lar\u0131n\u0131 olu\u015fturuyor. \u0130\u015fletmelerin dijital varl\u0131klar\u0131n\u0131 g\u00fcvenli ve verimli bir \u015fekilde y\u00f6netmeleri i\u00e7in kripto yaz\u0131l\u0131m \u00e7\u00f6z\u00fcmleri geli\u015ftiriyoruz. Ak\u0131ll\u0131 s\u00f6zle\u015fmeler, tokenizasyon, kripto c\u00fczdan uygulamalar\u0131 ve blockchain tabanl\u0131 \u00f6deme sistemleri gibi alanlarda uzmanla\u015fm\u0131\u015f \u00e7\u00f6z\u00fcmler sunuyoruz.<\/p><p>Kripto projelerimiz, y\u00fcksek g\u00fcvenlik standartlar\u0131na uygun olarak tasarlan\u0131r ve kripto varl\u0131k y\u00f6netiminde sorunsuz bir deneyim sunar. Blockchain teknolojisinin \u015feffafl\u0131k ve de\u011fi\u015ftirilemezlik \u00f6zelliklerinden faydalanarak, i\u015fletmeler i\u00e7in g\u00fcvenli ve izlenebilir sistemler olu\u015fturuyoruz. Bu s\u00fcre\u00e7te, kullan\u0131c\u0131 dostu aray\u00fczler ve h\u0131zl\u0131 i\u015flem altyap\u0131lar\u0131 ile kullan\u0131c\u0131lar\u0131n ihtiya\u00e7lar\u0131n\u0131 kar\u015f\u0131lamay\u0131 hedefliyoruz.<\/p><p>Kripto yaz\u0131l\u0131mlar\u0131 alan\u0131ndaki yenilik\u00e7i yakla\u015f\u0131mlar\u0131m\u0131z, i\u015fletmenizin finansal ekosistemde yer edinmesine ve b\u00fcy\u00fcmesine yard\u0131mc\u0131 olur. Teknolojinin s\u0131n\u0131rlar\u0131n\u0131 zorlayan \u00e7\u00f6z\u00fcmlerimizle, i\u015fletmenizi dijital ekonominin lider oyuncular\u0131ndan biri haline getiriyoruz.<\/p>\t\t\t\t\t\t<\/div>\n\t\t\t\t<\/div>\n\t\t\t\t<\/div>\n\t\t\t\t\t<\/div>\n\t\t\t\t<\/div>\n\t\t\t\t<\/div>\n\t\t","protected":false},"excerpt":{"rendered":"<p>Kripto para ve blockchain teknolojisi, g\u00fcn\u00fcm\u00fcz\u00fcn en yenilik\u00e7i finansal ara\u00e7lar\u0131n\u0131 olu\u015fturuyor. \u0130\u015fletmelerin dijital varl\u0131klar\u0131n\u0131 g\u00fcvenli ve verimli bir \u015fekilde y\u00f6netmeleri i\u00e7in kripto yaz\u0131l\u0131m \u00e7\u00f6z\u00fcmleri geli\u015ftiriyoruz. Ak\u0131ll\u0131 s\u00f6zle\u015fmeler, tokenizasyon, kripto c\u00fczdan uygulamalar\u0131 ve blockchain tabanl\u0131 \u00f6deme sistemleri gibi alanlarda uzmanla\u015fm\u0131\u015f \u00e7\u00f6z\u00fcmler sunuyoruz. Kripto projelerimiz, y\u00fcksek g\u00fcvenlik standartlar\u0131na uygun olarak tasarlan\u0131r ve kripto varl\u0131k y\u00f6netiminde sorunsuz bir deneyim sunar. Blockchain teknolojisinin \u015feffafl\u0131k &hellip;<\/p>\n","protected":false},"author":1,"featured_media":0,"parent":0,"menu_order":0,"comment_status":"closed","ping_status":"closed","template":"","meta":{"footnotes":""},"class_list":["post-3583","page","type-page","status-publish","hentry"],"_links":{"self":[{"href":"https:\/\/pozitronyazilim.com.tr\/index.php\/wp-json\/wp\/v2\/pages\/3583","targetHints":{"allow":["GET"]}}],"collection":[{"href":"https:\/\/pozitronyazilim.com.tr\/index.php\/wp-json\/wp\/v2\/pages"}],"about":[{"href":"https:\/\/pozitronyazilim.com.tr\/index.php\/wp-json\/wp\/v2\/types\/page"}],"author":[{"embeddable":true,"href":"https:\/\/pozitronyazilim.com.tr\/index.php\/wp-json\/wp\/v2\/users\/1"}],"replies":[{"embeddable":true,"href":"https:\/\/pozitronyazilim.com.tr\/index.php\/wp-json\/wp\/v2\/comments?post=3583"}],"version-history":[{"count":4,"href":"https:\/\/pozitronyazilim.com.tr\/index.php\/wp-json\/wp\/v2\/pages\/3583\/revisions"}],"predecessor-version":[{"id":3604,"href":"https:\/\/pozitronyazilim.com.tr\/index.php\/wp-json\/wp\/v2\/pages\/3583\/revisions\/3604"}],"wp:attachment":[{"href":"https:\/\/pozitronyazilim.com.tr\/index.php\/wp-json\/wp\/v2\/media?parent=3583"}],"curies":[{"name":"wp","href":"https:\/\/api.w.org\/{rel}","templated":true}]}}