{"id":3582,"date":"2024-11-19T20:57:11","date_gmt":"2024-11-19T17:57:11","guid":{"rendered":"https:\/\/pozitronyazilim.com.tr\/?page_id=3582"},"modified":"2024-11-19T21:01:41","modified_gmt":"2024-11-19T18:01:41","slug":"ar-ge-rfid-yazilimlari","status":"publish","type":"page","link":"https:\/\/pozitronyazilim.com.tr\/index.php\/ar-ge-rfid-yazilimlari\/","title":{"rendered":"Ar-Ge &#8211; RFID Yaz\u0131l\u0131mlar\u0131"},"content":{"rendered":"\t\t<div data-elementor-type=\"wp-page\" data-elementor-id=\"3582\" class=\"elementor elementor-3582\">\n\t\t\t\t<div class=\"elementor-element elementor-element-0ff5e50 e-flex e-con-boxed e-con e-parent\" data-id=\"0ff5e50\" data-element_type=\"container\" data-settings=\"{&quot;tc_container_hover_selector&quot;:&quot;container&quot;,&quot;tc_container_background_parallax&quot;:&quot;no&quot;,&quot;tcg_advanced_hover&quot;:&quot;no&quot;,&quot;tc_dark_mode_responsive_hide_in_dark&quot;:&quot;no&quot;,&quot;tc_dark_mode_responsive_hide_in_light&quot;:&quot;no&quot;}\">\n\t\t\t\t\t<div class=\"e-con-inner\">\n\t\t<div class=\"elementor-element elementor-element-7bf7910 e-con-full e-flex e-con e-child\" data-id=\"7bf7910\" data-element_type=\"container\" data-settings=\"{&quot;tc_container_hover_selector&quot;:&quot;container&quot;,&quot;tc_container_background_parallax&quot;:&quot;no&quot;,&quot;tcg_advanced_hover&quot;:&quot;no&quot;,&quot;tc_dark_mode_responsive_hide_in_dark&quot;:&quot;no&quot;,&quot;tc_dark_mode_responsive_hide_in_light&quot;:&quot;no&quot;}\">\n\t\t\t\t<div class=\"elementor-element elementor-element-abf3ab5 elementor-widget elementor-widget-image\" data-id=\"abf3ab5\" data-element_type=\"widget\" data-settings=\"{&quot;tc_dark_mode_responsive_hide_in_dark&quot;:&quot;no&quot;,&quot;tc_dark_mode_responsive_hide_in_light&quot;:&quot;no&quot;}\" data-widget_type=\"image.default\">\n\t\t\t\t<div class=\"elementor-widget-container\">\n\t\t\t\t\t\t\t\t\t\t\t\t\t<img fetchpriority=\"high\" decoding=\"async\" width=\"561\" height=\"1000\" src=\"https:\/\/pozitronyazilim.com.tr\/wp-content\/uploads\/2024\/11\/181215.jpg\" class=\"attachment-full size-full wp-image-3596\" alt=\"\" \/>\t\t\t\t\t\t\t\t\t\t\t\t\t<\/div>\n\t\t\t\t<\/div>\n\t\t\t\t<\/div>\n\t\t<div class=\"elementor-element elementor-element-41b5dc6 e-con-full e-flex e-con e-child\" data-id=\"41b5dc6\" data-element_type=\"container\" data-settings=\"{&quot;tc_container_hover_selector&quot;:&quot;container&quot;,&quot;tc_container_background_parallax&quot;:&quot;no&quot;,&quot;tcg_advanced_hover&quot;:&quot;no&quot;,&quot;tc_dark_mode_responsive_hide_in_dark&quot;:&quot;no&quot;,&quot;tc_dark_mode_responsive_hide_in_light&quot;:&quot;no&quot;}\">\n\t\t\t\t<div class=\"elementor-element elementor-element-498de04 elementor-widget elementor-widget-text-editor\" data-id=\"498de04\" data-element_type=\"widget\" data-settings=\"{&quot;tc_dark_mode_responsive_hide_in_dark&quot;:&quot;no&quot;,&quot;tc_dark_mode_responsive_hide_in_light&quot;:&quot;no&quot;}\" data-widget_type=\"text-editor.default\">\n\t\t\t\t<div class=\"elementor-widget-container\">\n\t\t\t\t\t\t\t<p>RFID (Radyo Frekans\u0131 ile Tan\u0131mlama) teknolojisi, i\u015fletmelerin s\u00fcre\u00e7lerini optimize etmek ve operasyonel verimlili\u011fi art\u0131rmak i\u00e7in g\u00fc\u00e7l\u00fc bir ara\u00e7t\u0131r. Bu alandaki Ar-Ge \u00e7al\u0131\u015fmalar\u0131m\u0131z, sekt\u00f6r ihtiya\u00e7lar\u0131na \u00f6zel RFID yaz\u0131l\u0131m \u00e7\u00f6z\u00fcmleri geli\u015ftirmek \u00fczerine odaklanmaktad\u0131r. Depo y\u00f6netimi, lojistik takip, envanter kontrol\u00fc gibi farkl\u0131 alanlarda i\u015fletmenize katma de\u011fer sa\u011flayan \u00e7\u00f6z\u00fcmler \u00fcretiyoruz.<\/p><p>RFID yaz\u0131l\u0131mlar\u0131m\u0131z, i\u015fletmenizin s\u00fcre\u00e7lerini h\u0131zland\u0131rmak ve hata oran\u0131n\u0131 minimize etmek i\u00e7in tasarlanm\u0131\u015ft\u0131r. Geli\u015ftirdi\u011fimiz yaz\u0131l\u0131mlar, i\u015fletmenizin mevcut altyap\u0131s\u0131yla kolayca entegre edilebilecek \u015fekilde yap\u0131land\u0131r\u0131lm\u0131\u015ft\u0131r. Ger\u00e7ek zamanl\u0131 takip, veri analizi ve otomasyon \u00f6zellikleri sayesinde i\u015fletme operasyonlar\u0131n\u0131 daha ak\u0131ll\u0131 hale getiriyoruz.<\/p><p>Ar-Ge ekibimizin teknolojiyi etkin bir \u015fekilde kullanmas\u0131, RFID projelerinin i\u015fletmenize \u00f6zg\u00fcn \u00e7\u00f6z\u00fcmler sunmas\u0131n\u0131 sa\u011flamaktad\u0131r. Uzman kadromuz, RFID teknolojisinin sundu\u011fu f\u0131rsatlar\u0131 en iyi \u015fekilde de\u011ferlendirerek s\u00fcre\u00e7lerinizi daha verimli hale getirmek i\u00e7in \u00e7al\u0131\u015f\u0131yor.<\/p>\t\t\t\t\t\t<\/div>\n\t\t\t\t<\/div>\n\t\t\t\t<\/div>\n\t\t\t\t\t<\/div>\n\t\t\t\t<\/div>\n\t\t\t\t<\/div>\n\t\t","protected":false},"excerpt":{"rendered":"<p>RFID (Radyo Frekans\u0131 ile Tan\u0131mlama) teknolojisi, i\u015fletmelerin s\u00fcre\u00e7lerini optimize etmek ve operasyonel verimlili\u011fi art\u0131rmak i\u00e7in g\u00fc\u00e7l\u00fc bir ara\u00e7t\u0131r. Bu alandaki Ar-Ge \u00e7al\u0131\u015fmalar\u0131m\u0131z, sekt\u00f6r ihtiya\u00e7lar\u0131na \u00f6zel RFID yaz\u0131l\u0131m \u00e7\u00f6z\u00fcmleri geli\u015ftirmek \u00fczerine odaklanmaktad\u0131r. Depo y\u00f6netimi, lojistik takip, envanter kontrol\u00fc gibi farkl\u0131 alanlarda i\u015fletmenize katma de\u011fer sa\u011flayan \u00e7\u00f6z\u00fcmler \u00fcretiyoruz. RFID yaz\u0131l\u0131mlar\u0131m\u0131z, i\u015fletmenizin s\u00fcre\u00e7lerini h\u0131zland\u0131rmak ve hata oran\u0131n\u0131 minimize etmek i\u00e7in tasarlanm\u0131\u015ft\u0131r. Geli\u015ftirdi\u011fimiz yaz\u0131l\u0131mlar, &hellip;<\/p>\n","protected":false},"author":1,"featured_media":0,"parent":0,"menu_order":0,"comment_status":"closed","ping_status":"closed","template":"","meta":{"footnotes":""},"class_list":["post-3582","page","type-page","status-publish","hentry"],"_links":{"self":[{"href":"https:\/\/pozitronyazilim.com.tr\/index.php\/wp-json\/wp\/v2\/pages\/3582","targetHints":{"allow":["GET"]}}],"collection":[{"href":"https:\/\/pozitronyazilim.com.tr\/index.php\/wp-json\/wp\/v2\/pages"}],"about":[{"href":"https:\/\/pozitronyazilim.com.tr\/index.php\/wp-json\/wp\/v2\/types\/page"}],"author":[{"embeddable":true,"href":"https:\/\/pozitronyazilim.com.tr\/index.php\/wp-json\/wp\/v2\/users\/1"}],"replies":[{"embeddable":true,"href":"https:\/\/pozitronyazilim.com.tr\/index.php\/wp-json\/wp\/v2\/comments?post=3582"}],"version-history":[{"count":4,"href":"https:\/\/pozitronyazilim.com.tr\/index.php\/wp-json\/wp\/v2\/pages\/3582\/revisions"}],"predecessor-version":[{"id":3599,"href":"https:\/\/pozitronyazilim.com.tr\/index.php\/wp-json\/wp\/v2\/pages\/3582\/revisions\/3599"}],"wp:attachment":[{"href":"https:\/\/pozitronyazilim.com.tr\/index.php\/wp-json\/wp\/v2\/media?parent=3582"}],"curies":[{"name":"wp","href":"https:\/\/api.w.org\/{rel}","templated":true}]}}