{"id":3581,"date":"2024-11-19T20:55:09","date_gmt":"2024-11-19T17:55:09","guid":{"rendered":"https:\/\/pozitronyazilim.com.tr\/?page_id=3581"},"modified":"2024-11-19T20:56:50","modified_gmt":"2024-11-19T17:56:50","slug":"proje-gelistirme","status":"publish","type":"page","link":"https:\/\/pozitronyazilim.com.tr\/index.php\/proje-gelistirme\/","title":{"rendered":"Proje Geli\u015ftirme"},"content":{"rendered":"\t\t<div data-elementor-type=\"wp-page\" data-elementor-id=\"3581\" class=\"elementor elementor-3581\">\n\t\t\t\t<div class=\"elementor-element elementor-element-0ff5e50 e-flex e-con-boxed e-con e-parent\" data-id=\"0ff5e50\" data-element_type=\"container\" data-settings=\"{&quot;tc_container_hover_selector&quot;:&quot;container&quot;,&quot;tc_container_background_parallax&quot;:&quot;no&quot;,&quot;tcg_advanced_hover&quot;:&quot;no&quot;,&quot;tc_dark_mode_responsive_hide_in_dark&quot;:&quot;no&quot;,&quot;tc_dark_mode_responsive_hide_in_light&quot;:&quot;no&quot;}\">\n\t\t\t\t\t<div class=\"e-con-inner\">\n\t\t<div class=\"elementor-element elementor-element-7bf7910 e-con-full e-flex e-con e-child\" data-id=\"7bf7910\" data-element_type=\"container\" data-settings=\"{&quot;tc_container_hover_selector&quot;:&quot;container&quot;,&quot;tc_container_background_parallax&quot;:&quot;no&quot;,&quot;tcg_advanced_hover&quot;:&quot;no&quot;,&quot;tc_dark_mode_responsive_hide_in_dark&quot;:&quot;no&quot;,&quot;tc_dark_mode_responsive_hide_in_light&quot;:&quot;no&quot;}\">\n\t\t\t\t<div class=\"elementor-element elementor-element-abf3ab5 elementor-widget elementor-widget-image\" data-id=\"abf3ab5\" data-element_type=\"widget\" data-settings=\"{&quot;tc_dark_mode_responsive_hide_in_dark&quot;:&quot;no&quot;,&quot;tc_dark_mode_responsive_hide_in_light&quot;:&quot;no&quot;}\" data-widget_type=\"image.default\">\n\t\t\t\t<div class=\"elementor-widget-container\">\n\t\t\t\t\t\t\t\t\t\t\t\t\t<img fetchpriority=\"high\" decoding=\"async\" width=\"667\" height=\"1000\" src=\"https:\/\/pozitronyazilim.com.tr\/wp-content\/uploads\/2024\/11\/96140.jpg\" class=\"attachment-full size-full wp-image-3585\" alt=\"\" \/>\t\t\t\t\t\t\t\t\t\t\t\t\t<\/div>\n\t\t\t\t<\/div>\n\t\t\t\t<\/div>\n\t\t<div class=\"elementor-element elementor-element-41b5dc6 e-con-full e-flex e-con e-child\" data-id=\"41b5dc6\" data-element_type=\"container\" data-settings=\"{&quot;tc_container_hover_selector&quot;:&quot;container&quot;,&quot;tc_container_background_parallax&quot;:&quot;no&quot;,&quot;tcg_advanced_hover&quot;:&quot;no&quot;,&quot;tc_dark_mode_responsive_hide_in_dark&quot;:&quot;no&quot;,&quot;tc_dark_mode_responsive_hide_in_light&quot;:&quot;no&quot;}\">\n\t\t\t\t<div class=\"elementor-element elementor-element-498de04 elementor-widget elementor-widget-text-editor\" data-id=\"498de04\" data-element_type=\"widget\" data-settings=\"{&quot;tc_dark_mode_responsive_hide_in_dark&quot;:&quot;no&quot;,&quot;tc_dark_mode_responsive_hide_in_light&quot;:&quot;no&quot;}\" data-widget_type=\"text-editor.default\">\n\t\t\t\t<div class=\"elementor-widget-container\">\n\t\t\t\t\t\t\t<p>Proje geli\u015ftirme s\u00fcrecinde, fikirlerinizi hayata ge\u00e7irmek i\u00e7in ihtiyac\u0131n\u0131za \u00f6zel \u00e7\u00f6z\u00fcmler \u00fcretiyoruz. Her projeyi, detayl\u0131 bir analiz s\u00fcreciyle de\u011ferlendirerek i\u015fletmenizin gereksinimlerini tam anlam\u0131yla kar\u015f\u0131layacak \u015fekilde tasarl\u0131yoruz. Yenilik\u00e7i yakla\u015f\u0131mlar\u0131m\u0131z ve teknoloji odakl\u0131 \u00e7\u00f6z\u00fcmlerimiz sayesinde projelerinizi daha verimli ve s\u00fcrd\u00fcr\u00fclebilir hale getiriyoruz.<\/p><p>Geli\u015ftirme s\u00fcrecinde, modern yaz\u0131l\u0131m teknolojilerinden faydalanarak kullan\u0131c\u0131 dostu aray\u00fczler ve y\u00fcksek performansl\u0131 altyap\u0131lar olu\u015fturuyoruz. Projenizin ba\u015flang\u0131c\u0131ndan teslimat\u0131na kadar her a\u015famada titiz bir \u00e7al\u0131\u015fma y\u00fcr\u00fct\u00fcyor, test s\u00fcre\u00e7leriyle kalite standartlar\u0131n\u0131 sa\u011fl\u0131yoruz. B\u00f6ylece, i\u015fletmenizin sekt\u00f6rdeki rekabet g\u00fcc\u00fcn\u00fc art\u0131racak projeler sunmay\u0131 hedefliyoruz.<\/p><p>Projelerinizin ba\u015far\u0131ya ula\u015fmas\u0131 i\u00e7in yaln\u0131zca yaz\u0131l\u0131m geli\u015ftirme de\u011fil, ayn\u0131 zamanda uzun vadeli bak\u0131m ve destek hizmetleri de sa\u011fl\u0131yoruz. M\u00fc\u015fteri memnuniyetine odaklanan yakla\u015f\u0131m\u0131m\u0131zla, projelerinizin de\u011fi\u015fen ihtiya\u00e7lara uyum sa\u011flamas\u0131na ve s\u00fcrekli geli\u015fmesine olanak tan\u0131yoruz.<\/p>\t\t\t\t\t\t<\/div>\n\t\t\t\t<\/div>\n\t\t\t\t<\/div>\n\t\t\t\t\t<\/div>\n\t\t\t\t<\/div>\n\t\t\t\t<\/div>\n\t\t","protected":false},"excerpt":{"rendered":"<p>Proje geli\u015ftirme s\u00fcrecinde, fikirlerinizi hayata ge\u00e7irmek i\u00e7in ihtiyac\u0131n\u0131za \u00f6zel \u00e7\u00f6z\u00fcmler \u00fcretiyoruz. Her projeyi, detayl\u0131 bir analiz s\u00fcreciyle de\u011ferlendirerek i\u015fletmenizin gereksinimlerini tam anlam\u0131yla kar\u015f\u0131layacak \u015fekilde tasarl\u0131yoruz. Yenilik\u00e7i yakla\u015f\u0131mlar\u0131m\u0131z ve teknoloji odakl\u0131 \u00e7\u00f6z\u00fcmlerimiz sayesinde projelerinizi daha verimli ve s\u00fcrd\u00fcr\u00fclebilir hale getiriyoruz. Geli\u015ftirme s\u00fcrecinde, modern yaz\u0131l\u0131m teknolojilerinden faydalanarak kullan\u0131c\u0131 dostu aray\u00fczler ve y\u00fcksek performansl\u0131 altyap\u0131lar olu\u015fturuyoruz. Projenizin ba\u015flang\u0131c\u0131ndan teslimat\u0131na kadar her a\u015famada titiz &hellip;<\/p>\n","protected":false},"author":1,"featured_media":0,"parent":0,"menu_order":0,"comment_status":"closed","ping_status":"closed","template":"","meta":{"footnotes":""},"class_list":["post-3581","page","type-page","status-publish","hentry"],"_links":{"self":[{"href":"https:\/\/pozitronyazilim.com.tr\/index.php\/wp-json\/wp\/v2\/pages\/3581","targetHints":{"allow":["GET"]}}],"collection":[{"href":"https:\/\/pozitronyazilim.com.tr\/index.php\/wp-json\/wp\/v2\/pages"}],"about":[{"href":"https:\/\/pozitronyazilim.com.tr\/index.php\/wp-json\/wp\/v2\/types\/page"}],"author":[{"embeddable":true,"href":"https:\/\/pozitronyazilim.com.tr\/index.php\/wp-json\/wp\/v2\/users\/1"}],"replies":[{"embeddable":true,"href":"https:\/\/pozitronyazilim.com.tr\/index.php\/wp-json\/wp\/v2\/comments?post=3581"}],"version-history":[{"count":4,"href":"https:\/\/pozitronyazilim.com.tr\/index.php\/wp-json\/wp\/v2\/pages\/3581\/revisions"}],"predecessor-version":[{"id":3589,"href":"https:\/\/pozitronyazilim.com.tr\/index.php\/wp-json\/wp\/v2\/pages\/3581\/revisions\/3589"}],"wp:attachment":[{"href":"https:\/\/pozitronyazilim.com.tr\/index.php\/wp-json\/wp\/v2\/media?parent=3581"}],"curies":[{"name":"wp","href":"https:\/\/api.w.org\/{rel}","templated":true}]}}