{"id":3567,"date":"2024-11-19T20:29:55","date_gmt":"2024-11-19T17:29:55","guid":{"rendered":"https:\/\/pozitronyazilim.com.tr\/?page_id=3567"},"modified":"2024-11-19T20:44:50","modified_gmt":"2024-11-19T17:44:50","slug":"hakkimizda","status":"publish","type":"page","link":"https:\/\/pozitronyazilim.com.tr\/index.php\/hakkimizda\/","title":{"rendered":"Hakk\u0131m\u0131zda"},"content":{"rendered":"\t\t<div data-elementor-type=\"wp-page\" data-elementor-id=\"3567\" class=\"elementor elementor-3567\">\n\t\t\t\t<div class=\"elementor-element elementor-element-0ff5e50 e-flex e-con-boxed e-con e-parent\" data-id=\"0ff5e50\" data-element_type=\"container\" data-settings=\"{&quot;tc_container_hover_selector&quot;:&quot;container&quot;,&quot;tc_container_background_parallax&quot;:&quot;no&quot;,&quot;tcg_advanced_hover&quot;:&quot;no&quot;,&quot;tc_dark_mode_responsive_hide_in_dark&quot;:&quot;no&quot;,&quot;tc_dark_mode_responsive_hide_in_light&quot;:&quot;no&quot;}\">\n\t\t\t\t\t<div class=\"e-con-inner\">\n\t\t<div class=\"elementor-element elementor-element-7bf7910 e-con-full e-flex e-con e-child\" data-id=\"7bf7910\" data-element_type=\"container\" data-settings=\"{&quot;tc_container_hover_selector&quot;:&quot;container&quot;,&quot;tc_container_background_parallax&quot;:&quot;no&quot;,&quot;tcg_advanced_hover&quot;:&quot;no&quot;,&quot;tc_dark_mode_responsive_hide_in_dark&quot;:&quot;no&quot;,&quot;tc_dark_mode_responsive_hide_in_light&quot;:&quot;no&quot;}\">\n\t\t\t\t<div class=\"elementor-element elementor-element-abf3ab5 elementor-widget elementor-widget-image\" data-id=\"abf3ab5\" data-element_type=\"widget\" data-settings=\"{&quot;tc_dark_mode_responsive_hide_in_dark&quot;:&quot;no&quot;,&quot;tc_dark_mode_responsive_hide_in_light&quot;:&quot;no&quot;}\" data-widget_type=\"image.default\">\n\t\t\t\t<div class=\"elementor-widget-container\">\n\t\t\t\t\t\t\t\t\t\t\t\t\t<img fetchpriority=\"high\" decoding=\"async\" width=\"667\" height=\"1000\" src=\"https:\/\/pozitronyazilim.com.tr\/wp-content\/uploads\/2024\/11\/96295.jpg\" class=\"attachment-full size-full wp-image-3577\" alt=\"\" \/>\t\t\t\t\t\t\t\t\t\t\t\t\t<\/div>\n\t\t\t\t<\/div>\n\t\t\t\t<\/div>\n\t\t<div class=\"elementor-element elementor-element-41b5dc6 e-con-full e-flex e-con e-child\" data-id=\"41b5dc6\" data-element_type=\"container\" data-settings=\"{&quot;tc_container_hover_selector&quot;:&quot;container&quot;,&quot;tc_container_background_parallax&quot;:&quot;no&quot;,&quot;tcg_advanced_hover&quot;:&quot;no&quot;,&quot;tc_dark_mode_responsive_hide_in_dark&quot;:&quot;no&quot;,&quot;tc_dark_mode_responsive_hide_in_light&quot;:&quot;no&quot;}\">\n\t\t\t\t<div class=\"elementor-element elementor-element-498de04 elementor-widget elementor-widget-text-editor\" data-id=\"498de04\" data-element_type=\"widget\" data-settings=\"{&quot;tc_dark_mode_responsive_hide_in_dark&quot;:&quot;no&quot;,&quot;tc_dark_mode_responsive_hide_in_light&quot;:&quot;no&quot;}\" data-widget_type=\"text-editor.default\">\n\t\t\t\t<div class=\"elementor-widget-container\">\n\t\t\t\t\t\t\t<p>Biz, yenilik\u00e7i yaz\u0131l\u0131m \u00e7\u00f6z\u00fcmleriyle m\u00fc\u015fterilerimizin dijital d\u00f6n\u00fc\u015f\u00fcm yolculuklar\u0131nda g\u00fcvenilir bir partner olmay\u0131 hedefleyen bir teknoloji firmas\u0131y\u0131z. Uzman ekibimizle, i\u015fletmelerin ihtiya\u00e7lar\u0131na \u00f6zel projeler geli\u015ftiriyor, teknolojiyle i\u015f s\u00fcre\u00e7lerini daha h\u0131zl\u0131, verimli ve g\u00fcvenli hale getiriyoruz.<\/p><p>Yaz\u0131l\u0131m geli\u015ftirme, Ar-Ge, RFID teknolojileri, kripto uygulamalar\u0131 ve g\u00f6r\u00fcnt\u00fc i\u015fleme gibi bir\u00e7ok alanda y\u00fcksek teknoloji projeleri y\u00fcr\u00fct\u00fcyoruz. Amac\u0131m\u0131z, her projede s\u00fcrd\u00fcr\u00fclebilir, \u00f6l\u00e7eklenebilir ve kullan\u0131c\u0131 dostu \u00e7\u00f6z\u00fcmler sunarak m\u00fc\u015fterilerimizin hedeflerine ula\u015fmalar\u0131n\u0131 kolayla\u015ft\u0131rmak.<\/p><p>Yarat\u0131c\u0131l\u0131\u011f\u0131, kaliteyi ve m\u00fc\u015fteri memnuniyetini merkezimize alarak; i\u015f d\u00fcnyas\u0131na ilham veren yaz\u0131l\u0131m \u00fcr\u00fcnleri geli\u015ftirmek i\u00e7in \u00e7al\u0131\u015f\u0131yoruz. Gelece\u011fi bug\u00fcnden in\u015fa etmek i\u00e7in teknolojiyle s\u0131n\u0131rlar\u0131 zorluyor, sekt\u00f6rde fark yaratan \u00e7\u00f6z\u00fcmlerle her ad\u0131mda yan\u0131n\u0131zda oluyoruz.<\/p><p>Bizimle i\u015f birli\u011fi yaparak, dijital d\u00fcnyada g\u00fc\u00e7l\u00fc bir yer edinmek ve i\u015fletmenizi bir ad\u0131m \u00f6teye ta\u015f\u0131mak i\u00e7in hemen bize ula\u015fabilirsiniz.<\/p>\t\t\t\t\t\t<\/div>\n\t\t\t\t<\/div>\n\t\t\t\t<\/div>\n\t\t\t\t\t<\/div>\n\t\t\t\t<\/div>\n\t\t\t\t<\/div>\n\t\t","protected":false},"excerpt":{"rendered":"<p>Biz, yenilik\u00e7i yaz\u0131l\u0131m \u00e7\u00f6z\u00fcmleriyle m\u00fc\u015fterilerimizin dijital d\u00f6n\u00fc\u015f\u00fcm yolculuklar\u0131nda g\u00fcvenilir bir partner olmay\u0131 hedefleyen bir teknoloji firmas\u0131y\u0131z. Uzman ekibimizle, i\u015fletmelerin ihtiya\u00e7lar\u0131na \u00f6zel projeler geli\u015ftiriyor, teknolojiyle i\u015f s\u00fcre\u00e7lerini daha h\u0131zl\u0131, verimli ve g\u00fcvenli hale getiriyoruz. Yaz\u0131l\u0131m geli\u015ftirme, Ar-Ge, RFID teknolojileri, kripto uygulamalar\u0131 ve g\u00f6r\u00fcnt\u00fc i\u015fleme gibi bir\u00e7ok alanda y\u00fcksek teknoloji projeleri y\u00fcr\u00fct\u00fcyoruz. Amac\u0131m\u0131z, her projede s\u00fcrd\u00fcr\u00fclebilir, \u00f6l\u00e7eklenebilir ve kullan\u0131c\u0131 dostu \u00e7\u00f6z\u00fcmler sunarak &hellip;<\/p>\n","protected":false},"author":1,"featured_media":0,"parent":0,"menu_order":0,"comment_status":"closed","ping_status":"closed","template":"","meta":{"footnotes":""},"class_list":["post-3567","page","type-page","status-publish","hentry"],"_links":{"self":[{"href":"https:\/\/pozitronyazilim.com.tr\/index.php\/wp-json\/wp\/v2\/pages\/3567","targetHints":{"allow":["GET"]}}],"collection":[{"href":"https:\/\/pozitronyazilim.com.tr\/index.php\/wp-json\/wp\/v2\/pages"}],"about":[{"href":"https:\/\/pozitronyazilim.com.tr\/index.php\/wp-json\/wp\/v2\/types\/page"}],"author":[{"embeddable":true,"href":"https:\/\/pozitronyazilim.com.tr\/index.php\/wp-json\/wp\/v2\/users\/1"}],"replies":[{"embeddable":true,"href":"https:\/\/pozitronyazilim.com.tr\/index.php\/wp-json\/wp\/v2\/comments?post=3567"}],"version-history":[{"count":10,"href":"https:\/\/pozitronyazilim.com.tr\/index.php\/wp-json\/wp\/v2\/pages\/3567\/revisions"}],"predecessor-version":[{"id":3580,"href":"https:\/\/pozitronyazilim.com.tr\/index.php\/wp-json\/wp\/v2\/pages\/3567\/revisions\/3580"}],"wp:attachment":[{"href":"https:\/\/pozitronyazilim.com.tr\/index.php\/wp-json\/wp\/v2\/media?parent=3567"}],"curies":[{"name":"wp","href":"https:\/\/api.w.org\/{rel}","templated":true}]}}